{"id":805,"date":"2026-03-16T00:15:07","date_gmt":"2026-03-16T00:15:07","guid":{"rendered":"https:\/\/demo.athemes.com\/sp-interior-design\/?page_id=5"},"modified":"2026-03-16T00:17:02","modified_gmt":"2026-03-16T00:17:02","slug":"home","status":"publish","type":"page","link":"https:\/\/lokal24.pl\/","title":{"rendered":"Home"},"content":{"rendered":"\t\t<div data-elementor-type=\"wp-page\" data-elementor-id=\"805\" class=\"elementor elementor-805\">\n\t\t\t\t<div class=\"elementor-element elementor-element-4dde51d e-flex e-con-boxed e-con e-parent\" data-id=\"4dde51d\" data-element_type=\"container\" data-e-type=\"container\" data-settings=\"{&quot;background_background&quot;:&quot;classic&quot;}\">\n\t\t\t\t\t<div class=\"e-con-inner\">\n\t\t<div class=\"elementor-element elementor-element-c259fb1 e-con-full e-flex e-con e-child\" data-id=\"c259fb1\" data-element_type=\"container\" data-e-type=\"container\">\n\t\t\t\t<div class=\"elementor-element elementor-element-528071b elementor-widget__width-initial elementor-invisible elementor-widget elementor-widget-heading\" data-id=\"528071b\" data-element_type=\"widget\" data-e-type=\"widget\" data-settings=\"{&quot;_animation&quot;:&quot;fadeIn&quot;}\" data-widget_type=\"heading.default\">\n\t\t\t\t\t<h1 class=\"elementor-heading-title elementor-size-default\">Nowe lokale w sercu Gliwic<\/h1>\t\t\t\t<\/div>\n\t\t<div class=\"elementor-element elementor-element-d2145b3 e-flex e-con-boxed e-con e-child\" data-id=\"d2145b3\" data-element_type=\"container\" data-e-type=\"container\">\n\t\t\t\t\t<div class=\"e-con-inner\">\n\t\t<div class=\"elementor-element elementor-element-9cf90c0 e-flex e-con-boxed e-con e-child\" data-id=\"9cf90c0\" data-element_type=\"container\" data-e-type=\"container\">\n\t\t\t\t\t<div class=\"e-con-inner\">\n\t\t\t\t<div class=\"elementor-element elementor-element-c3b17a4 elementor-invisible elementor-widget elementor-widget-image\" data-id=\"c3b17a4\" data-element_type=\"widget\" data-e-type=\"widget\" data-settings=\"{&quot;_animation&quot;:&quot;zoomIn&quot;,&quot;_animation_delay&quot;:300}\" data-widget_type=\"image.default\">\n\t\t\t\t\t\t\t\t\t\t\t\t\t\t\t<img fetchpriority=\"high\" decoding=\"async\" width=\"778\" height=\"1024\" src=\"https:\/\/lokal24.pl\/wp-content\/uploads\/2025\/12\/lokal-gliwice-04-778x1024.png\" class=\"attachment-large size-large wp-image-878\" alt=\"\" srcset=\"https:\/\/lokal24.pl\/wp-content\/uploads\/2025\/12\/lokal-gliwice-04-778x1024.png 778w, https:\/\/lokal24.pl\/wp-content\/uploads\/2025\/12\/lokal-gliwice-04-228x300.png 228w, https:\/\/lokal24.pl\/wp-content\/uploads\/2025\/12\/lokal-gliwice-04-768x1010.png 768w, https:\/\/lokal24.pl\/wp-content\/uploads\/2025\/12\/lokal-gliwice-04-230x303.png 230w, https:\/\/lokal24.pl\/wp-content\/uploads\/2025\/12\/lokal-gliwice-04-350x460.png 350w, https:\/\/lokal24.pl\/wp-content\/uploads\/2025\/12\/lokal-gliwice-04-480x631.png 480w, https:\/\/lokal24.pl\/wp-content\/uploads\/2025\/12\/lokal-gliwice-04.png 973w\" sizes=\"(max-width: 778px) 100vw, 778px\" \/>\t\t\t\t\t\t\t\t\t\t\t\t\t\t\t<\/div>\n\t\t\t\t\t<\/div>\n\t\t\t\t<\/div>\n\t\t<div class=\"elementor-element elementor-element-28b6616 e-flex e-con-boxed e-con e-child\" data-id=\"28b6616\" data-element_type=\"container\" data-e-type=\"container\">\n\t\t\t\t\t<div class=\"e-con-inner\">\n\t\t\t\t<div class=\"elementor-element elementor-element-e4ea51d elementor-invisible elementor-widget elementor-widget-image\" data-id=\"e4ea51d\" data-element_type=\"widget\" data-e-type=\"widget\" data-settings=\"{&quot;_animation&quot;:&quot;zoomIn&quot;,&quot;_animation_delay&quot;:600}\" data-widget_type=\"image.default\">\n\t\t\t\t\t\t\t\t\t\t\t\t\t\t\t<img decoding=\"async\" width=\"1024\" height=\"726\" src=\"https:\/\/lokal24.pl\/wp-content\/uploads\/2025\/12\/lokal-gliwice-01-1024x726.jpeg\" class=\"attachment-large size-large wp-image-875\" alt=\"\" srcset=\"https:\/\/lokal24.pl\/wp-content\/uploads\/2025\/12\/lokal-gliwice-01-1024x726.jpeg 1024w, https:\/\/lokal24.pl\/wp-content\/uploads\/2025\/12\/lokal-gliwice-01-300x213.jpeg 300w, https:\/\/lokal24.pl\/wp-content\/uploads\/2025\/12\/lokal-gliwice-01-768x545.jpeg 768w, https:\/\/lokal24.pl\/wp-content\/uploads\/2025\/12\/lokal-gliwice-01-1000x709.jpeg 1000w, https:\/\/lokal24.pl\/wp-content\/uploads\/2025\/12\/lokal-gliwice-01-230x163.jpeg 230w, https:\/\/lokal24.pl\/wp-content\/uploads\/2025\/12\/lokal-gliwice-01-350x248.jpeg 350w, https:\/\/lokal24.pl\/wp-content\/uploads\/2025\/12\/lokal-gliwice-01-480x341.jpeg 480w, https:\/\/lokal24.pl\/wp-content\/uploads\/2025\/12\/lokal-gliwice-01.jpeg 1280w\" sizes=\"(max-width: 1024px) 100vw, 1024px\" \/>\t\t\t\t\t\t\t\t\t\t\t\t\t\t\t<\/div>\n\t\t\t\t<div class=\"elementor-element elementor-element-477c94c elementor-invisible elementor-widget elementor-widget-heading\" data-id=\"477c94c\" data-element_type=\"widget\" data-e-type=\"widget\" data-settings=\"{&quot;_animation&quot;:&quot;fadeIn&quot;,&quot;_animation_delay&quot;:1200}\" data-widget_type=\"heading.default\">\n\t\t\t\t\t<h2 class=\"elementor-heading-title elementor-size-default\">Trwa remont lokali - dost\u0119pne od lata<\/h2>\t\t\t\t<\/div>\n\t\t\t\t<div class=\"elementor-element elementor-element-b91a9c0 elementor-invisible elementor-widget elementor-widget-heading\" data-id=\"b91a9c0\" data-element_type=\"widget\" data-e-type=\"widget\" data-settings=\"{&quot;_animation&quot;:&quot;fadeIn&quot;,&quot;_animation_delay&quot;:1200}\" data-widget_type=\"heading.default\">\n\t\t\t\t\t<div class=\"elementor-heading-title elementor-size-default\">2026<\/div>\t\t\t\t<\/div>\n\t\t\t\t<div class=\"elementor-element elementor-element-14f558d elementor-invisible elementor-widget elementor-widget-heading\" data-id=\"14f558d\" data-element_type=\"widget\" data-e-type=\"widget\" data-settings=\"{&quot;_animation&quot;:&quot;fadeIn&quot;,&quot;_animation_delay&quot;:1200}\" data-widget_type=\"heading.default\">\n\t\t\t\t\t<h2 class=\"elementor-heading-title elementor-size-default\">Mo\u017cliwa aran\u017cacja pod potrzeby najemcy!<\/h2>\t\t\t\t<\/div>\n\t\t\t\t\t<\/div>\n\t\t\t\t<\/div>\n\t\t\t\t\t<\/div>\n\t\t\t\t<\/div>\n\t\t\t\t<\/div>\n\t\t\t\t\t<\/div>\n\t\t\t\t<\/div>\n\t\t<div class=\"elementor-element elementor-element-ebdf893 e-flex e-con-boxed e-con e-parent\" data-id=\"ebdf893\" data-element_type=\"container\" data-e-type=\"container\" data-settings=\"{&quot;background_background&quot;:&quot;classic&quot;}\">\n\t\t\t\t\t<div class=\"e-con-inner\">\n\t\t<div class=\"elementor-element elementor-element-6d941fb e-con-full e-flex e-con e-child\" data-id=\"6d941fb\" data-element_type=\"container\" data-e-type=\"container\">\n\t\t<div class=\"elementor-element elementor-element-74f6b7e e-con-full e-flex e-con e-child\" data-id=\"74f6b7e\" data-element_type=\"container\" data-e-type=\"container\">\n\t\t\t\t<div class=\"elementor-element elementor-element-31d6af8 elementor-invisible elementor-widget elementor-widget-heading\" data-id=\"31d6af8\" data-element_type=\"widget\" data-e-type=\"widget\" data-settings=\"{&quot;_animation&quot;:&quot;fadeIn&quot;}\" data-widget_type=\"heading.default\">\n\t\t\t\t\t<h2 class=\"elementor-heading-title elementor-size-default\">Poszukujemy solidnych i stabilnych najemc\u00f3w d\u0142ugoterminowych!<\/h2>\t\t\t\t<\/div>\n\t\t\t\t<\/div>\n\t\t\t\t<\/div>\n\t\t\t\t\t<\/div>\n\t\t\t\t<\/div>\n\t\t<div class=\"elementor-element elementor-element-2efcbef e-flex e-con-boxed e-con e-parent\" data-id=\"2efcbef\" data-element_type=\"container\" data-e-type=\"container\" data-settings=\"{&quot;background_background&quot;:&quot;classic&quot;}\">\n\t\t\t\t\t<div class=\"e-con-inner\">\n\t\t<div class=\"elementor-element elementor-element-82926d3 e-con-full e-flex e-con e-child\" data-id=\"82926d3\" data-element_type=\"container\" data-e-type=\"container\">\n\t\t\t\t<div class=\"elementor-element elementor-element-9b2df18 elementor-widget elementor-widget-menu-anchor\" data-id=\"9b2df18\" data-element_type=\"widget\" data-e-type=\"widget\" data-widget_type=\"menu-anchor.default\">\n\t\t\t\t\t\t\t<div class=\"elementor-menu-anchor\" id=\"lokal\"><\/div>\n\t\t\t\t\t\t<\/div>\n\t\t\t\t<div class=\"elementor-element elementor-element-58fbaf4 elementor-invisible elementor-widget elementor-widget-heading\" data-id=\"58fbaf4\" data-element_type=\"widget\" data-e-type=\"widget\" data-settings=\"{&quot;_animation&quot;:&quot;fadeIn&quot;}\" data-widget_type=\"heading.default\">\n\t\t\t\t\t<h2 class=\"elementor-heading-title elementor-size-default\">Informacje o lokalach do wynaj\u0119cia<\/h2>\t\t\t\t<\/div>\n\t\t\t\t<div class=\"elementor-element elementor-element-f93f88e elementor-invisible elementor-widget elementor-widget-text-editor\" data-id=\"f93f88e\" data-element_type=\"widget\" data-e-type=\"widget\" data-settings=\"{&quot;_animation&quot;:&quot;fadeInUp&quot;}\" data-widget_type=\"text-editor.default\">\n\t\t\t\t\t\t\t\t\t<p>Posiadamy <strong>dwa reprezentacyjne lokale<\/strong> oraz <strong>cztery miejsca parkigowe<\/strong> w gara\u017cu podziemnym w nowym budynku <strong>Rezydencja Centrum w Gliwicach<\/strong> przy ul. Nasyp 2c &#8211; w samym centrum miasta. Mo\u017cliwo\u015b\u0107 najmu ca\u0142o\u015bci jednemu najemcy!<\/p><ul><li><strong>Lokal na parterze:<br \/><\/strong>&#8211; Rekomendowane przeznaczenie: gabinet kosmetyczny, fryzjerski itp (dodatkowe przy\u0142\u0105cza wodne),<br \/>&#8211; Powierzchnia prawie <strong>30 m<sup>2<\/sup><\/strong>,<br \/>&#8211; Wysoko\u015b\u0107 pomieszcze\u0144 oko\u0142o 3,5 m,\u00a0<br \/>&#8211; WC i aneksem socjalnym,<br \/>&#8211; Du\u017ca przeszklona witryna oko\u0142o 4 x 2 m,<br \/>&#8211; Bezpo\u015brednie wej\u015bcie z ulicy,<br \/>&#8211; Miejsce na szyld reklamowy oko\u0142o 4 x 1 m.<\/li><li><strong>Lokal na I pi\u0119trze:<\/strong><br \/>&#8211; Rekomendowane przeznaczenie: biuro lub apartament,<br \/>&#8211; Powierzchnia <strong>25 m<sup>2 <\/sup>+ taras<\/strong>,<br \/>&#8211; Wysoko\u015b\u0107 pomieszcze\u0144 oko\u0142o 2,7 m,<br \/>&#8211; WC i aneks kuchenny,<br \/>&#8211; Du\u017ca przeszklona witryna na taras z widokiem na centrum Gliwic,<br \/>&#8211; Wej\u015bcie tu\u017c przy windzie i schodach &#8211; \u0142atwa komunikacja.<\/li><li><strong>4 przynale\u017cne szerokie miejsca parkingowe po oko\u0142o 20 m<sup>2<\/sup> w gara\u017cu podziemnym pod budynkiem<\/strong> &#8211; po 2 dla ka\u017cdego z lokali; winda w gara\u017cu prowadz\u0105ca na parter i pi\u0119tro budynku.<\/li><li>Szybki internet \u015bwiat\u0142owodowy w budynku.<\/li><li>Mo\u017cliwo\u015b\u0107 instalacji cyfrowego zamka w drzwiach &#8211; dost\u0119p przez aplikacj\u0119 w smartfonie, na kod lub kart\u0119 zbli\u017ceniow\u0105; mo\u017cliwo\u015b\u0107 otwarcia lokalu zdalnie np. kurierowi, aby zostawi\u0142 paczk\u0119.<\/li><li>Mo\u017cliwo\u015b\u0107 instalacji w\u0142asnego monitoringu wewn\u0105trz lokalu i przed wej\u015bciem.<\/li><li>Mo\u017cliwo\u015b\u0107 instalacji alarmowej.<\/li><\/ul>\t\t\t\t\t\t\t\t<\/div>\n\t\t\t\t<\/div>\n\t\t<div class=\"elementor-element elementor-element-2bf37b0 e-con-full e-flex e-con e-child\" data-id=\"2bf37b0\" data-element_type=\"container\" data-e-type=\"container\">\n\t\t\t\t<div class=\"elementor-element elementor-element-27c275b elementor-invisible elementor-widget elementor-widget-image\" data-id=\"27c275b\" data-element_type=\"widget\" data-e-type=\"widget\" data-settings=\"{&quot;_animation&quot;:&quot;fadeIn&quot;}\" data-widget_type=\"image.default\">\n\t\t\t\t\t\t\t\t\t\t\t\t\t\t\t<img decoding=\"async\" width=\"1024\" height=\"565\" src=\"https:\/\/lokal24.pl\/wp-content\/uploads\/2025\/12\/lokal-gliwice-05-1024x565.png\" class=\"attachment-large size-large wp-image-884\" alt=\"\" srcset=\"https:\/\/lokal24.pl\/wp-content\/uploads\/2025\/12\/lokal-gliwice-05-1024x565.png 1024w, https:\/\/lokal24.pl\/wp-content\/uploads\/2025\/12\/lokal-gliwice-05-300x165.png 300w, https:\/\/lokal24.pl\/wp-content\/uploads\/2025\/12\/lokal-gliwice-05-768x424.png 768w, https:\/\/lokal24.pl\/wp-content\/uploads\/2025\/12\/lokal-gliwice-05-1536x847.png 1536w, https:\/\/lokal24.pl\/wp-content\/uploads\/2025\/12\/lokal-gliwice-05-1000x552.png 1000w, https:\/\/lokal24.pl\/wp-content\/uploads\/2025\/12\/lokal-gliwice-05-230x127.png 230w, https:\/\/lokal24.pl\/wp-content\/uploads\/2025\/12\/lokal-gliwice-05-350x193.png 350w, https:\/\/lokal24.pl\/wp-content\/uploads\/2025\/12\/lokal-gliwice-05-480x265.png 480w, https:\/\/lokal24.pl\/wp-content\/uploads\/2025\/12\/lokal-gliwice-05.png 1742w\" sizes=\"(max-width: 1024px) 100vw, 1024px\" \/>\t\t\t\t\t\t\t\t\t\t\t\t\t\t\t<\/div>\n\t\t\t\t<div class=\"elementor-element elementor-element-f547873 elementor-invisible elementor-widget elementor-widget-image\" data-id=\"f547873\" data-element_type=\"widget\" data-e-type=\"widget\" data-settings=\"{&quot;_animation&quot;:&quot;fadeIn&quot;}\" data-widget_type=\"image.default\">\n\t\t\t\t\t\t\t\t\t\t\t\t\t\t\t<img loading=\"lazy\" decoding=\"async\" width=\"1024\" height=\"576\" src=\"https:\/\/lokal24.pl\/wp-content\/uploads\/2025\/12\/lokal-gliwice-05-1024x576.jpeg\" class=\"attachment-large size-large wp-image-879\" alt=\"\" srcset=\"https:\/\/lokal24.pl\/wp-content\/uploads\/2025\/12\/lokal-gliwice-05-1024x576.jpeg 1024w, https:\/\/lokal24.pl\/wp-content\/uploads\/2025\/12\/lokal-gliwice-05-300x169.jpeg 300w, https:\/\/lokal24.pl\/wp-content\/uploads\/2025\/12\/lokal-gliwice-05-768x432.jpeg 768w, https:\/\/lokal24.pl\/wp-content\/uploads\/2025\/12\/lokal-gliwice-05-1000x563.jpeg 1000w, https:\/\/lokal24.pl\/wp-content\/uploads\/2025\/12\/lokal-gliwice-05-230x129.jpeg 230w, https:\/\/lokal24.pl\/wp-content\/uploads\/2025\/12\/lokal-gliwice-05-350x197.jpeg 350w, https:\/\/lokal24.pl\/wp-content\/uploads\/2025\/12\/lokal-gliwice-05-480x270.jpeg 480w, https:\/\/lokal24.pl\/wp-content\/uploads\/2025\/12\/lokal-gliwice-05.jpeg 1280w\" sizes=\"(max-width: 1024px) 100vw, 1024px\" \/>\t\t\t\t\t\t\t\t\t\t\t\t\t\t\t<\/div>\n\t\t\t\t<\/div>\n\t\t\t\t\t<\/div>\n\t\t\t\t<\/div>\n\t\t<div class=\"elementor-element elementor-element-a90c5c1 e-flex e-con-boxed elementor-invisible e-con e-parent\" data-id=\"a90c5c1\" data-element_type=\"container\" data-e-type=\"container\" data-settings=\"{&quot;background_background&quot;:&quot;classic&quot;,&quot;animation&quot;:&quot;fadeIn&quot;}\">\n\t\t\t\t\t<div class=\"e-con-inner\">\n\t\t\t\t<div class=\"elementor-element elementor-element-b946da9 elementor-invisible elementor-widget elementor-widget-heading\" data-id=\"b946da9\" data-element_type=\"widget\" data-e-type=\"widget\" data-settings=\"{&quot;_animation&quot;:&quot;fadeIn&quot;}\" data-widget_type=\"heading.default\">\n\t\t\t\t\t<h2 class=\"elementor-heading-title elementor-size-default\">Nowoczesny budynek oddany do u\u017cytku w 2026 roku<\/h2>\t\t\t\t<\/div>\n\t\t\t\t<div class=\"elementor-element elementor-element-b63fbe5 elementor-widget elementor-widget-menu-anchor\" data-id=\"b63fbe5\" data-element_type=\"widget\" data-e-type=\"widget\" data-widget_type=\"menu-anchor.default\">\n\t\t\t\t\t\t\t<div class=\"elementor-menu-anchor\" id=\"kontakt\"><\/div>\n\t\t\t\t\t\t<\/div>\n\t\t\t\t\t<\/div>\n\t\t\t\t<\/div>\n\t\t\t\t<\/div>\n\t\t","protected":false},"excerpt":{"rendered":"<p>Nowe lokale w sercu Gliwic Trwa remont lokali &#8211; dost\u0119pne od lata 2026 Mo\u017cliwa aran\u017cacja pod potrzeby najemcy! Poszukujemy solidnych i stabilnych [&hellip;]<\/p>\n","protected":false},"author":1,"featured_media":0,"parent":0,"menu_order":0,"comment_status":"closed","ping_status":"closed","template":"page-templates\/page_front-page.php","meta":{"footnotes":""},"class_list":["post-805","page","type-page","status-publish","hentry"],"_links":{"self":[{"href":"https:\/\/lokal24.pl\/index.php\/wp-json\/wp\/v2\/pages\/805","targetHints":{"allow":["GET"]}}],"collection":[{"href":"https:\/\/lokal24.pl\/index.php\/wp-json\/wp\/v2\/pages"}],"about":[{"href":"https:\/\/lokal24.pl\/index.php\/wp-json\/wp\/v2\/types\/page"}],"author":[{"embeddable":true,"href":"https:\/\/lokal24.pl\/index.php\/wp-json\/wp\/v2\/users\/1"}],"replies":[{"embeddable":true,"href":"https:\/\/lokal24.pl\/index.php\/wp-json\/wp\/v2\/comments?post=805"}],"version-history":[{"count":8,"href":"https:\/\/lokal24.pl\/index.php\/wp-json\/wp\/v2\/pages\/805\/revisions"}],"predecessor-version":[{"id":960,"href":"https:\/\/lokal24.pl\/index.php\/wp-json\/wp\/v2\/pages\/805\/revisions\/960"}],"wp:attachment":[{"href":"https:\/\/lokal24.pl\/index.php\/wp-json\/wp\/v2\/media?parent=805"}],"curies":[{"name":"wp","href":"https:\/\/api.w.org\/{rel}","templated":true}]}}